




{"id":1634,"date":"2023-10-29T13:07:08","date_gmt":"2023-10-29T16:07:08","guid":{"rendered":"https:\/\/politicasdecurriculoedocencia.com\/?page_id=1634"},"modified":"2024-04-09T17:29:35","modified_gmt":"2024-04-09T20:29:35","slug":"repositorio-de-textos-ibero-e-latinoamericanos","status":"publish","type":"page","link":"https:\/\/politicasdecurriculoedocencia.com\/en\/repositorio-de-textos-ibero-e-latinoamericanos\/","title":{"rendered":"Reposit\u00f3rio de Textos \u00cdbero e Latinoamericanos"},"content":{"rendered":"<p class=\"qtranxs-available-languages-message qtranxs-available-languages-message-en\">Sorry, this entry is only available in <a href=\"https:\/\/politicasdecurriculoedocencia.com\/pb\/wp-json\/wp\/v2\/pages\/1634\" class=\"qtranxs-available-language-link qtranxs-available-language-link-pb\" title=\"Portugu\u00eas do Brasil\">Brazilian Portuguese<\/a>. For the sake of viewer convenience, the content is shown below in the alternative language. You may click the link to switch the active language.<\/p><p><div class=\"lista listagem\"><div class=\"row\"><div class=\"col-md-12\"><a href=\"https:\/\/oei.int\/pt\/colecoes\/informe-miradas\" target=\"_blank\" class=\"linkcinza\"><h3>Informe miradas<\/h3><strong>Autor(es): <\/strong>OEI<br><strong>Resumo: <\/strong>Sorry, this entry is only available in Brazilian Portuguese. For the sake of viewer convenience, the content is shown below in the alternative language. You may click the link to switch the active language. La\u00a0XX Cumbre Iberoamericana de Jefes de Estado y de Gobierno de 2010\u00a0aprob\u00f3 el\u00a0Proyecto Metas 2021:\u00a0la educaci\u00f3n que queremos para la generaci\u00f3n [&hellip;]<br><strong>Link da Publica\u00e7\u00e3o: <\/strong>https:\/\/oei.int\/pt\/colecoes\/informe-miradas<br><\/a><hr \/><\/div><div class=\"col-md-12\"><a href=\"https:\/\/oei.int\/publicaciones\/metas-educativas-2021-la-educacion-que-queremos-para-la-generacion-de-los-bicentenarios-documento-final\" target=\"_blank\" class=\"linkcinza\"><h3>Metas educativas 2021. La educaci\u00f3n que queremos para la generaci\u00f3n de los bicentenarios.<\/h3><strong>Autor(es): <\/strong>Organizaci\u00f3n de Estados Iberoamericanos para la Educaci\u00f3n<br><strong>Resumo: <\/strong>Sorry, this entry is only available in Brazilian Portuguese. For the sake of viewer convenience, the content is shown below in the alternative language. You may click the link to switch the active language. Los Ministros de Educaci\u00f3n Iberoamericanos, reunidos en El Salvador el 19 de mayo de 2008 aprobaron en su declaraci\u00f3n final un [&hellip;]<br><strong>Link da Publica\u00e7\u00e3o: <\/strong>https:\/\/oei.int\/publicaciones\/metas-educativas-2021-la-educacion-que-queremos-para-la-generacion-de-los-bicentenarios-documento-final<br><\/a><hr \/><\/div><\/div><\/div><\/p>","protected":false},"excerpt":{"rendered":"","protected":false},"author":4,"featured_media":0,"parent":0,"menu_order":0,"comment_status":"closed","ping_status":"closed","template":"","meta":[],"_links":{"self":[{"href":"https:\/\/politicasdecurriculoedocencia.com\/en\/wp-json\/wp\/v2\/pages\/1634"}],"collection":[{"href":"https:\/\/politicasdecurriculoedocencia.com\/en\/wp-json\/wp\/v2\/pages"}],"about":[{"href":"https:\/\/politicasdecurriculoedocencia.com\/en\/wp-json\/wp\/v2\/types\/page"}],"author":[{"embeddable":true,"href":"https:\/\/politicasdecurriculoedocencia.com\/en\/wp-json\/wp\/v2\/users\/4"}],"replies":[{"embeddable":true,"href":"https:\/\/politicasdecurriculoedocencia.com\/en\/wp-json\/wp\/v2\/comments?post=1634"}],"version-history":[{"count":2,"href":"https:\/\/politicasdecurriculoedocencia.com\/en\/wp-json\/wp\/v2\/pages\/1634\/revisions"}],"predecessor-version":[{"id":1767,"href":"https:\/\/politicasdecurriculoedocencia.com\/en\/wp-json\/wp\/v2\/pages\/1634\/revisions\/1767"}],"wp:attachment":[{"href":"https:\/\/politicasdecurriculoedocencia.com\/en\/wp-json\/wp\/v2\/media?parent=1634"}],"curies":[{"name":"wp","href":"https:\/\/api.w.org\/{rel}","templated":true}]}}