




{"id":172,"date":"2019-08-14T19:35:50","date_gmt":"2019-08-14T22:35:50","guid":{"rendered":"https:\/\/curriculo-uerj.web278.uni5.net\/sitenovo\/?page_id=172"},"modified":"2023-11-15T16:13:32","modified_gmt":"2023-11-15T19:13:32","slug":"grpesq","status":"publish","type":"page","link":"https:\/\/politicasdecurriculoedocencia.com\/en\/grpesq\/","title":{"rendered":"The GrPesq"},"content":{"rendered":"<p class=\"qtranxs-available-languages-message qtranxs-available-languages-message-en\">Sorry, this entry is only available in <a href=\"https:\/\/politicasdecurriculoedocencia.com\/pb\/wp-json\/wp\/v2\/pages\/172\" class=\"qtranxs-available-language-link qtranxs-available-language-link-pb\" title=\"Portugu\u00eas do Brasil\">Brazilian Portuguese<\/a>. For the sake of viewer convenience, the content is shown below in the alternative language. You may click the link to switch the active language.<\/p><p><strong>GrPesq POL\u00cdTICAS DE CURR\u00cdCULO E DOC\u00caNCIA<\/strong><\/p>\n<p><strong>Coordena\u00e7\u00e3o: Profa. Rosanne Evangelista Dias<\/strong><\/p>\n<p>O <strong>Grupo de Pesquisa Pol\u00edticas de Curr\u00edculo e Doc\u00eancia<\/strong>\u00a0se insere no Programa de P\u00f3s-Gradua\u00e7\u00e3o em Educa\u00e7\u00e3o (Proped) da UERJ integrando a linha de pesquisa Curr\u00edculo: sujeitos, conhecimento e cultura. Temos focalizado como tem\u00e1tica central a pol\u00edtica de curr\u00edculo para a doc\u00eancia e com a doc\u00eancia pensando as pesquisas em di\u00e1logo com a forma\u00e7\u00e3o e o trabalho docente dos professores da Educa\u00e7\u00e3o B\u00e1sica P\u00fablica.<\/p>\n<p>Desde o in\u00edcio do <strong>GrPesq<\/strong> na UERJ desenvolvemos os seguintes projetos de pesquisa: 1) Discursos da Avalia\u00e7\u00e3o nas Pol\u00edticas de Curr\u00edculo para a Forma\u00e7\u00e3o e o Trabalho docente no Espa\u00e7o Ibero-americano; 2) Discursos nas Pol\u00edticas Curriculares para a Forma\u00e7\u00e3o de Professores no Espa\u00e7o Ibero-americano e, atualmente; 3) Demandas sobre desempenho docente produzindo pol\u00edticas de curr\u00edculo para a Iberoam\u00e9rica, todos financiados por ag\u00eancias de fomento. O <strong>Grupo de Pesquisa Pol\u00edticas de Curr\u00edculo e Doc\u00eancia<\/strong> conta com aux\u00edlios e bolsas de diversas fontes: a) Bolsa Jovem Cientista Nosso Estado (FAPERJ); Procientista\/UERJ; Aux\u00edlio Pesquisa: CNPq, FAPERJ e CAPES, al\u00e9m de bolsas para aux\u00edlio discente: p\u00f3s-gradua\u00e7\u00e3o e inicia\u00e7\u00e3o cient\u00edfica.<\/p>\n<p>As pesquisas v\u00eam sendo orientadas por abordagens discursivas sobre as pol\u00edticas de curr\u00edculo, dialogando com a produ\u00e7\u00e3o de Alice Casimiro Lopes e Elizabeth Macedo, a Teoria do Discurso de Ernesto Laclau e Chantal Mouffe e Stephen Ball, com as abordagens das redes de pol\u00edticas, ciclo de pol\u00edticas e da atua\u00e7\u00e3o, em uma perspectiva p\u00f3s-estrutural.<\/p>\n<p>Muitas tem\u00e1ticas t\u00eam estado presentes nos trabalhos de IC, mestrado e doutorado que v\u00eam sendo orientadas no <strong>Grupo de Pesquisa Pol\u00edticas de Curr\u00edculo e Doc\u00eancia<\/strong>, dentre as quais: o curso de Pedagogia, pol\u00edticas \u00e9tnico-raciais, os curr\u00edculos da Educa\u00e7\u00e3o Infantil, avalia\u00e7\u00e3o docente por desempenho, Pol\u00edtica Nacional de Alfabetiza\u00e7\u00e3o, Letramentos, EJA, Responsabiliza\u00e7\u00e3o docente, Performatividade, BNCC, ProBNCC, Refor\u00e7o escolar na Rede Municipal, Tecnologias da Comunica\u00e7\u00e3o e Informa\u00e7\u00e3o, Todos pela Educa\u00e7\u00e3o (TPE), entre outros.<\/p>\n<p>Trabalho com diferentes textos pol\u00edticos entre os quais, textos normativos, de entidades que atuam na produ\u00e7\u00e3o de pol\u00edticas para a doc\u00eancia como, por exemplo, TPE, de organismos internacionais regionais (OEI, OREALC UNESCO), buscando conhecimento e interlocu\u00e7\u00e3o com as pesquisas dos pa\u00edses dessas regi\u00f5es. Buscamos organizar um banco de documentos para organizar o acervo encontrado especialmente dos pa\u00edses que est\u00e3o sendo investigados, como Chile, Col\u00f4mbia e M\u00e9xico.<\/p>\n<p>Nosso <strong>Grupo de Pesquisa Pol\u00edticas de Curr\u00edculo e Doc\u00eancia<\/strong> conta com a participa\u00e7\u00e3o de doutores, mestres, egressos do ProPEd\/EDU e do PPGE\/UFRJ com uma presen\u00e7a expressiva de professores e professoras da escola b\u00e1sica p\u00fablica da rede federal, estadual, na doc\u00eancia e gest\u00e3o em diferentes \u00e2mbitos, assim como professores de institui\u00e7\u00f5es de ensino superior, como IFAM e UEA. Estabelecemos parcerias com UFPel, UFBA, UERN e realizamos coorienta\u00e7\u00f5es formais com a UFAM, Universidade do Porto e UENF. Os orientandos s\u00e3o, portanto, na sua maioria, professores que atuam em institui\u00e7\u00f5es p\u00fablicas, especialmente nas escolas b\u00e1sicas.<\/p>\n<p>&nbsp;<\/p>","protected":false},"excerpt":{"rendered":"<p>Sorry, this entry is only available in Brazilian Portuguese. For the sake of viewer convenience, the content is shown below in the alternative language. You may click the link to switch the active language.GrPesq POL\u00cdTICAS DE CURR\u00cdCULO E DOC\u00caNCIA Coordena\u00e7\u00e3o: Profa. Rosanne Evangelista Dias O Grupo de Pesquisa Pol\u00edticas de Curr\u00edculo e Doc\u00eancia\u00a0se insere no [&hellip;]<\/p>\n","protected":false},"author":1,"featured_media":0,"parent":0,"menu_order":0,"comment_status":"closed","ping_status":"closed","template":"","meta":[],"_links":{"self":[{"href":"https:\/\/politicasdecurriculoedocencia.com\/en\/wp-json\/wp\/v2\/pages\/172"}],"collection":[{"href":"https:\/\/politicasdecurriculoedocencia.com\/en\/wp-json\/wp\/v2\/pages"}],"about":[{"href":"https:\/\/politicasdecurriculoedocencia.com\/en\/wp-json\/wp\/v2\/types\/page"}],"author":[{"embeddable":true,"href":"https:\/\/politicasdecurriculoedocencia.com\/en\/wp-json\/wp\/v2\/users\/1"}],"replies":[{"embeddable":true,"href":"https:\/\/politicasdecurriculoedocencia.com\/en\/wp-json\/wp\/v2\/comments?post=172"}],"version-history":[{"count":14,"href":"https:\/\/politicasdecurriculoedocencia.com\/en\/wp-json\/wp\/v2\/pages\/172\/revisions"}],"predecessor-version":[{"id":1681,"href":"https:\/\/politicasdecurriculoedocencia.com\/en\/wp-json\/wp\/v2\/pages\/172\/revisions\/1681"}],"wp:attachment":[{"href":"https:\/\/politicasdecurriculoedocencia.com\/en\/wp-json\/wp\/v2\/media?parent=172"}],"curies":[{"name":"wp","href":"https:\/\/api.w.org\/{rel}","templated":true}]}}