




{"id":6,"date":"2019-06-26T01:57:55","date_gmt":"2019-06-26T04:57:55","guid":{"rendered":"https:\/\/curriculo-uerj.web278.uni5.net\/sitenovo\/?page_id=6"},"modified":"2023-12-05T15:22:23","modified_gmt":"2023-12-05T18:22:23","slug":"livros","status":"publish","type":"page","link":"https:\/\/politicasdecurriculoedocencia.com\/en\/livros\/","title":{"rendered":"Books"},"content":{"rendered":"<div class=\"row lista biblioteca\"><div class=\"col-md-3\"><a href=\"https:\/\/politicasdecurriculoedocencia.com\/en\/livros\/docencia-nas-politicas-de-curriculo-na-ibero-america-demandas-em-disputas\/\"><div class=\"thumb\" style=\"background-image: url(https:\/\/politicasdecurriculoedocencia.com\/wp-content\/uploads\/8dea078fa1ccbc7a17a076e5e865753d-200x300.jpg);\"><\/div><\/a><h3>DOC\u00caNCIA NAS POL\u00cdTICAS DE CURR\u00cdCULO NA IBERO-AM\u00c9RICA: Demandas em disputas<\/h3><\/div><div class=\"col-md-3\"><a href=\"https:\/\/politicasdecurriculoedocencia.com\/en\/livros\/curriculo-politica-e-cultura-conversas-entre-brasil-e-portugal\/\"><div class=\"thumb\" style=\"background-image: url(https:\/\/politicasdecurriculoedocencia.com\/wp-content\/uploads\/curriculopolitica-1-198x300.jpg);\"><\/div><\/a><h3>Curr\u00edculo, pol\u00edtica e cultura: conversas entre Brasil e Portugal<\/h3><\/div><div class=\"col-md-3\"><a href=\"https:\/\/politicasdecurriculoedocencia.com\/en\/livros\/a-teoria-do-discurso-na-pesquisa-em-educacao-possibilidades-teorico-estrategicas\/\"><div class=\"thumb\" style=\"background-image: url(https:\/\/politicasdecurriculoedocencia.com\/wp-content\/uploads\/capa-a-teoria-do-discurso-na-pesquisa-em-educacao.jpg);\"><\/div><\/a><h3>A teoria do discurso na pesquisa em Educa\u00e7\u00e3o: possibilidades te\u00f3rico-estrat\u00e9gicas<\/h3><\/div><div class=\"col-md-3\"><a href=\"https:\/\/politicasdecurriculoedocencia.com\/en\/livros\/politicas-de-curriculo-pesquisas-e-articulacoes-discursivas\/\"><div class=\"thumb\" style=\"background-image: url(https:\/\/politicasdecurriculoedocencia.com\/wp-content\/uploads\/politicas-de-curriculo-pesquisas-e-articulacoes-discursivas.jpg);\"><\/div><\/a><h3>Pol\u00edticas de Curr\u00edculo: Pesquisas e Articula\u00e7\u00f5es Discursivas<\/h3><\/div><div class=\"col-md-3\"><a href=\"https:\/\/politicasdecurriculoedocencia.com\/en\/livros\/dalogos-curriculares-entre-mexico-y-brasil\/\"><div class=\"thumb\" style=\"background-image: url(https:\/\/politicasdecurriculoedocencia.com\/wp-content\/uploads\/dalogos_cu_39-1-202x300.jpg);\"><\/div><\/a><h3>D\u00e1logos Curriculares Entre M\u00e9xico y Brasil<\/h3><\/div><div class=\"col-md-3\"><a href=\"https:\/\/politicasdecurriculoedocencia.com\/en\/livros\/dialogos-curriculares-entre-brasil-e-mexico\/\"><div class=\"thumb\" style=\"background-image: url(https:\/\/politicasdecurriculoedocencia.com\/wp-content\/uploads\/dalogos-curriculares-entre-mexico-y-brasil.jpg);\"><\/div><\/a><h3>Di\u00e1logos Curriculares entre Brasil e M\u00e9xico<\/h3><\/div><div class=\"col-md-3\"><a href=\"https:\/\/politicasdecurriculoedocencia.com\/en\/livros\/questoes-de-curriculo-e-trabalho-docente\/\"><div class=\"thumb\" style=\"background-image: url(https:\/\/politicasdecurriculoedocencia.com\/wp-content\/uploads\/questoes-de-curriculo-e-trabalho-docente-1-191x300.jpg);\"><\/div><\/a><h3>Quest\u00f5es de Curr\u00edculo e Trabalho Docente<\/h3><\/div><div class=\"col-md-3\"><a href=\"https:\/\/politicasdecurriculoedocencia.com\/en\/livros\/politicas-educativas-e-dinamicas-curriculares-em-portugal-e-no-brasil\/\"><div class=\"thumb\" style=\"background-image: url(https:\/\/politicasdecurriculoedocencia.com\/wp-content\/uploads\/politicas-educativas-e-dinamicas-curriculares-em-portugal-e-no-brasil.jpg);\"><\/div><\/a><h3>Pol\u00edticas Educativas e Din\u00e2micas Curriculares em Portugal e no Brasil<\/h3><\/div><div class=\"col-md-3\"><a href=\"https:\/\/politicasdecurriculoedocencia.com\/en\/livros\/politicas-educativas-e-dinamicas-curriculares-no-brasil-e-em-portugal\/\"><div class=\"thumb\" style=\"background-image: url(https:\/\/politicasdecurriculoedocencia.com\/wp-content\/uploads\/politicas-educativas-e-dinamicas-curriculares-no-brasil-e-em-portugal.jpg);\"><\/div><\/a><h3>Pol\u00edticas Educativas e Din\u00e2micas Curriculares no Brasil e em Portugal<\/h3><\/div><div class=\"col-md-3\"><a href=\"https:\/\/politicasdecurriculoedocencia.com\/en\/livros\/discursos-nas-politicas-de-curriculo\/\"><div class=\"thumb\" style=\"background-image: url(https:\/\/politicasdecurriculoedocencia.com\/wp-content\/uploads\/discursos-nas-politicas-de-curriculo-199x300.jpg);\"><\/div><\/a><h3>Discursos nas Pol\u00edticas de Curr\u00edculo<\/h3><\/div><div class=\"col-md-3\"><a href=\"https:\/\/politicasdecurriculoedocencia.com\/en\/livros\/politicas-de-curriculo-no-brasil-e-em-portugal\/\"><div class=\"thumb\" style=\"background-image: url(https:\/\/politicasdecurriculoedocencia.com\/wp-content\/uploads\/politicas-de-curriculo-183x300.jpg);\"><\/div><\/a><h3>Pol\u00edticas de Curr\u00edculo no Brasil e em Portugal<\/h3><\/div><div class=\"col-md-3\"><a href=\"https:\/\/politicasdecurriculoedocencia.com\/en\/livros\/politicas-de-curriculo-em-multiplos-contextos\/\"><div class=\"thumb\" style=\"background-image: url(https:\/\/politicasdecurriculoedocencia.com\/wp-content\/uploads\/politicas-de-curriculo-em-multiplos-contextos-201x300.jpg);\"><\/div><\/a><h3>Pol\u00edticas de Curr\u00edculo em M\u00faltiplos Contextos<\/h3><\/div><div class=\"col-md-3\"><a href=\"https:\/\/politicasdecurriculoedocencia.com\/en\/livros\/curriculo-da-educacao-basica-1996-2002-serie-estado-do-conhecimento\/\"><div class=\"thumb\" style=\"background-image: url(https:\/\/politicasdecurriculoedocencia.com\/wp-content\/uploads\/curriculo-da-educacao-basica-1996-2002.png);\"><\/div><\/a><h3>Curr\u00edculo da Educa\u00e7\u00e3o B\u00e1sica (1996-2002) \u2013 S\u00e9rie Estado do Conhecimento<\/h3><\/div><\/div><div class=\"clear\"><\/div>\n","protected":false},"excerpt":{"rendered":"","protected":false},"author":1,"featured_media":0,"parent":0,"menu_order":0,"comment_status":"closed","ping_status":"closed","template":"","meta":[],"_links":{"self":[{"href":"https:\/\/politicasdecurriculoedocencia.com\/en\/wp-json\/wp\/v2\/pages\/6"}],"collection":[{"href":"https:\/\/politicasdecurriculoedocencia.com\/en\/wp-json\/wp\/v2\/pages"}],"about":[{"href":"https:\/\/politicasdecurriculoedocencia.com\/en\/wp-json\/wp\/v2\/types\/page"}],"author":[{"embeddable":true,"href":"https:\/\/politicasdecurriculoedocencia.com\/en\/wp-json\/wp\/v2\/users\/1"}],"replies":[{"embeddable":true,"href":"https:\/\/politicasdecurriculoedocencia.com\/en\/wp-json\/wp\/v2\/comments?post=6"}],"version-history":[{"count":8,"href":"https:\/\/politicasdecurriculoedocencia.com\/en\/wp-json\/wp\/v2\/pages\/6\/revisions"}],"predecessor-version":[{"id":1720,"href":"https:\/\/politicasdecurriculoedocencia.com\/en\/wp-json\/wp\/v2\/pages\/6\/revisions\/1720"}],"wp:attachment":[{"href":"https:\/\/politicasdecurriculoedocencia.com\/en\/wp-json\/wp\/v2\/media?parent=6"}],"curies":[{"name":"wp","href":"https:\/\/api.w.org\/{rel}","templated":true}]}}