




{"id":1712,"date":"2023-11-16T19:08:06","date_gmt":"2023-11-16T22:08:06","guid":{"rendered":"https:\/\/politicasdecurriculoedocencia.com\/?page_id=1712"},"modified":"2024-02-28T15:14:38","modified_gmt":"2024-02-28T18:14:38","slug":"artigos","status":"publish","type":"page","link":"https:\/\/politicasdecurriculoedocencia.com\/es\/artigos\/","title":{"rendered":"Artigos"},"content":{"rendered":"<p class=\"qtranxs-available-languages-message qtranxs-available-languages-message-es\">Disculpa, pero esta entrada est\u00e1 disponible s\u00f3lo en <a href=\"https:\/\/politicasdecurriculoedocencia.com\/pb\/wp-json\/wp\/v2\/pages\/1712\" class=\"qtranxs-available-language-link qtranxs-available-language-link-pb\" title=\"Portugu\u00eas do Brasil\">Portugu\u00e9s De Brasil<\/a>. For the sake of viewer convenience, the content is shown below in the alternative language. You may click the link to switch the active language.<\/p><p><div class=\"lista listagem\"><div class=\"row\"><div class=\"col-md-12\"><a href=\"http:\/\/www.curriculosemfronteiras.org\/vol23articles\/1133.pdf\" target=\"_blank\" class=\"linkcinza\"><h3>ENTRE A BNCC E O SENTIDO DE COMUM: pensando o liberalismo e a democracia<\/h3><strong>Autor(es): <\/strong>Iris Aniceto Barros e Rosanne Evangelista Dias <br><strong>Dados da Publica\u00e7\u00e3o: <\/strong>Curr\u00edculo sem Fronteiras, v. 23, e1133, 2023<br><strong>Link da Publica\u00e7\u00e3o: <\/strong>http:\/\/www.curriculosemfronteiras.org\/vol23articles\/1133.pdf<br><\/a><hr \/><\/div><div class=\"col-md-12\"><a href=\"http:\/\/www.curriculosemfronteiras.org\/vol22articles\/2181-oliveira-dias.pdf\" target=\"_blank\" class=\"linkcinza\"><h3>REDES POL\u00cdTICAS EM PROL DE \u201cFAZER VALER A BNCC, NA PR\u00c1TICA\u201d:  a educa\u00e7\u00e3o p\u00fablica \u00e9 de quem?<\/h3><strong>Autor(es): <\/strong>Marcia Betania de Oliveira e Rosanne Evangelista Dias<br><strong>Dados da Publica\u00e7\u00e3o: <\/strong>Curr\u00edculo sem Fronteiras, v. 22, e2181, 2022<br><strong>Link da Publica\u00e7\u00e3o: <\/strong>http:\/\/www.curriculosemfronteiras.org\/vol22articles\/2181-oliveira-dias.pdf<br><\/a><hr \/><\/div><div class=\"col-md-12\"><a href=\"http:\/\/www.curriculosemfronteiras.org\/vol21iss3articles\/apresentacao.pdf\" target=\"_blank\" class=\"linkcinza\"><h3>DISPOSITIVOS DE REGULA\u00c7\u00c3O DA DOC\u00caNCIA NAS POL\u00cdTICAS DE CURR\u00cdCULO<\/h3><strong>Autor(es): <\/strong>Rosanne Evangelista Dias e M\u00e1rcia Bet\u00e2nia de Oliveira<br><strong>Dados da Publica\u00e7\u00e3o: <\/strong>Curr\u00edculo sem Fronteiras, v. 21, n. 3, p. 992-1000, set.\/dez. 2021<br><strong>Link da Publica\u00e7\u00e3o: <\/strong>http:\/\/www.curriculosemfronteiras.org\/vol21iss3articles\/apresentacao.pdf<br><\/a><hr \/><\/div><div class=\"col-md-12\"><a href=\"http:\/\/www.curriculosemfronteiras.org\/vol21iss3articles\/oliveira.pdf\" target=\"_blank\" class=\"linkcinza\"><h3>A DOC\u00caNCIA NA EDUCA\u00c7\u00c3O INFANTIL DA REDE P\u00daBLICA MUNICIPAL DO RIO DE JANEIRO ATRAVESSADA PELOS MATERIAIS DID\u00c1TICOS ESTRUTURADOS<\/h3><strong>Autor(es): <\/strong>C\u00e1tia Cirlene G Oliveira<br><strong>Dados da Publica\u00e7\u00e3o: <\/strong>Curr\u00edculo sem Fronteiras, v. 21, n. 3, p. 1043-1053, set.\/dez. 2021<br><strong>Link da Publica\u00e7\u00e3o: <\/strong>http:\/\/www.curriculosemfronteiras.org\/vol21iss3articles\/oliveira.pdf<br><\/a><hr \/><\/div><div class=\"col-md-12\"><a href=\"https:\/\/periodicos.ufpb.br\/index.php\/rec\/article\/view\/64400\" target=\"_blank\" class=\"linkcinza\"><h3>CONSTRU\u00c7\u00d5ES POL\u00cdTICO-DISCURSIVAS EM TORNO DE UM TODOS PARA\/PELA EDUCA\u00c7\u00c3O<\/h3><strong>Autor(es): <\/strong>Ana Paula Soares e Rosanne Evangelista Dias<br><strong>Dados da Publica\u00e7\u00e3o: <\/strong>Revista Espa\u00e7o do Curr\u00edculo (Peri\u00f3dico, UFPB)<br><strong>Link da Publica\u00e7\u00e3o: <\/strong>https:\/\/periodicos.ufpb.br\/index.php\/rec\/article\/view\/64400<br><\/a><hr \/><\/div><\/div><\/div><\/p>","protected":false},"excerpt":{"rendered":"","protected":false},"author":4,"featured_media":0,"parent":0,"menu_order":0,"comment_status":"closed","ping_status":"closed","template":"","meta":[],"_links":{"self":[{"href":"https:\/\/politicasdecurriculoedocencia.com\/es\/wp-json\/wp\/v2\/pages\/1712"}],"collection":[{"href":"https:\/\/politicasdecurriculoedocencia.com\/es\/wp-json\/wp\/v2\/pages"}],"about":[{"href":"https:\/\/politicasdecurriculoedocencia.com\/es\/wp-json\/wp\/v2\/types\/page"}],"author":[{"embeddable":true,"href":"https:\/\/politicasdecurriculoedocencia.com\/es\/wp-json\/wp\/v2\/users\/4"}],"replies":[{"embeddable":true,"href":"https:\/\/politicasdecurriculoedocencia.com\/es\/wp-json\/wp\/v2\/comments?post=1712"}],"version-history":[{"count":3,"href":"https:\/\/politicasdecurriculoedocencia.com\/es\/wp-json\/wp\/v2\/pages\/1712\/revisions"}],"predecessor-version":[{"id":1742,"href":"https:\/\/politicasdecurriculoedocencia.com\/es\/wp-json\/wp\/v2\/pages\/1712\/revisions\/1742"}],"wp:attachment":[{"href":"https:\/\/politicasdecurriculoedocencia.com\/es\/wp-json\/wp\/v2\/media?parent=1712"}],"curies":[{"name":"wp","href":"https:\/\/api.w.org\/{rel}","templated":true}]}}